{"id":9614,"date":"2022-11-01T19:43:09","date_gmt":"2022-11-01T18:43:09","guid":{"rendered":"https:\/\/quandmaime.org\/?page_id=9614"},"modified":"2022-11-01T20:01:27","modified_gmt":"2022-11-01T19:01:27","slug":"nos-projets-2023","status":"publish","type":"page","link":"https:\/\/quandmaime.org\/index.php\/nos-projets-2023\/","title":{"rendered":"Nos projets 2023"},"content":{"rendered":"\t\t<div data-elementor-type=\"wp-post\" data-elementor-id=\"9614\" class=\"elementor elementor-9614\" data-elementor-settings=\"[]\">\n\t\t\t\t\t\t<div class=\"elementor-inner\">\n\t\t\t\t\t\t\t<div class=\"elementor-section-wrap\">\n\t\t\t\t\t\t\t<section class=\"elementor-section elementor-top-section elementor-element elementor-element-296e2ee elementor-section-boxed elementor-section-height-default elementor-section-height-default\" data-id=\"296e2ee\" data-element_type=\"section\">\n\t\t\t\t\t\t<div class=\"elementor-container elementor-column-gap-default\">\n\t\t\t\t\t\t\t<div class=\"elementor-row\">\n\t\t\t\t\t<div class=\"elementor-column elementor-col-100 elementor-top-column elementor-element elementor-element-23b9346\" data-id=\"23b9346\" data-element_type=\"column\">\n\t\t\t<div class=\"elementor-column-wrap elementor-element-populated\">\n\t\t\t\t\t\t\t<div class=\"elementor-widget-wrap\">\n\t\t\t\t\t\t<div class=\"elementor-element elementor-element-06d2411 elementor-widget elementor-widget-heading\" data-id=\"06d2411\" data-element_type=\"widget\" data-widget_type=\"heading.default\">\n\t\t\t\t<div class=\"elementor-widget-container\">\n\t\t\t<h2 class=\"elementor-heading-title elementor-size-default\">Nos Projets 2023<\/h2>\t\t<\/div>\n\t\t\t\t<\/div>\n\t\t\t\t<div class=\"elementor-element elementor-element-bde2732 elementor-widget elementor-widget-text-editor\" data-id=\"bde2732\" data-element_type=\"widget\" data-widget_type=\"text-editor.default\">\n\t\t\t\t<div class=\"elementor-widget-container\">\n\t\t\t\t\t<div class=\"elementor-text-editor elementor-clearfix\"><p>Voici les projets que nous esp\u00e9rons pouvoir concr\u00e9tiser en 2023&#8230;<\/p><\/div>\n\t\t\t\t<\/div>\n\t\t\t\t<\/div>\n\t\t\t\t<div class=\"elementor-element elementor-element-9b40032 elementor-tabs-view-horizontal elementor-widget elementor-widget-tabs\" data-id=\"9b40032\" data-element_type=\"widget\" data-widget_type=\"tabs.default\">\n\t\t\t\t<div class=\"elementor-widget-container\">\n\t\t\t\t\t<div class=\"elementor-tabs\">\n\t\t\t<div class=\"elementor-tabs-wrapper\" role=\"tablist\" >\n\t\t\t\t\t\t\t\t\t<div id=\"elementor-tab-title-1621\" class=\"elementor-tab-title elementor-tab-desktop-title\" aria-selected=\"true\" data-tab=\"1\" role=\"tab\" tabindex=\"0\" aria-controls=\"elementor-tab-content-1621\"><a href=\"\">Projet 1<\/a><\/div>\n\t\t\t\t\t\t\t\t\t<div id=\"elementor-tab-title-1622\" class=\"elementor-tab-title elementor-tab-desktop-title\" aria-selected=\"false\" data-tab=\"2\" role=\"tab\" tabindex=\"-1\" aria-controls=\"elementor-tab-content-1622\"><a href=\"\">Projet 2<\/a><\/div>\n\t\t\t\t\t\t\t\t\t<div id=\"elementor-tab-title-1623\" class=\"elementor-tab-title elementor-tab-desktop-title\" aria-selected=\"false\" data-tab=\"3\" role=\"tab\" tabindex=\"-1\" aria-controls=\"elementor-tab-content-1623\"><a href=\"\">Projet 3<\/a><\/div>\n\t\t\t\t\t\t\t<\/div>\n\t\t\t<div class=\"elementor-tabs-content-wrapper\" role=\"tablist\" aria-orientation=\"vertical\">\n\t\t\t\t\t\t\t\t\t<div class=\"elementor-tab-title elementor-tab-mobile-title\" aria-selected=\"true\" data-tab=\"1\" role=\"tab\" tabindex=\"0\" aria-controls=\"elementor-tab-content-1621\">Projet 1<\/div>\n\t\t\t\t\t<div id=\"elementor-tab-content-1621\" class=\"elementor-tab-content elementor-clearfix\" data-tab=\"1\" role=\"tabpanel\" aria-labelledby=\"elementor-tab-title-1621\" tabindex=\"0\" hidden=\"false\"><h1><strong><em>Projet<\/em><\/strong> r\u00e9habilitation maisonnettes<\/h1><div>Pour toutes ses familles si d\u00e9munies de tout, et dont les multiples cyclones de 2022 ont ajout\u00e9 en plus de toutes les souffrances, la crainte de ne m\u00eame plus avoir quelques t\u00f4les au dessus de leur t\u00eate pour les\u00a0 prot\u00e9ger, nous recherchons des sponsors pour consolider ou reconstruire plus solidement leurs petites maisonnettes.<\/div><div>Il y a une quinzaine de petites maisons d&rsquo;Ambalavato Sud pour lesquelles l\u2019urgence est l\u00e0.<\/div><div>Au taux de change actuel (1\u20ac=3800Ary), il faut environ 225\u20ac par maisonnette.<\/div><\/div>\n\t\t\t\t\t\t\t\t\t<div class=\"elementor-tab-title elementor-tab-mobile-title\" aria-selected=\"false\" data-tab=\"2\" role=\"tab\" tabindex=\"-1\" aria-controls=\"elementor-tab-content-1622\">Projet 2<\/div>\n\t\t\t\t\t<div id=\"elementor-tab-content-1622\" class=\"elementor-tab-content elementor-clearfix\" data-tab=\"2\" role=\"tabpanel\" aria-labelledby=\"elementor-tab-title-1622\" tabindex=\"0\" hidden=\"hidden\"><h1><strong><em>Projet<\/em><\/strong>\u00a0d&rsquo;achat d&rsquo;un petit v\u00e9hicule<\/h1><p><img loading=\"lazy\" class=\"aligncenter size-full wp-image-9617\" src=\"https:\/\/quandmaime.org\/wp-content\/uploads\/2020\/03\/297000787_578833607162808_8665625707580405914_n.jpg\" alt=\"Camionnette\" width=\"2048\" height=\"1536\" srcset=\"https:\/\/quandmaime.org\/wp-content\/uploads\/2020\/03\/297000787_578833607162808_8665625707580405914_n-1024x768@2x.jpg 2048w, https:\/\/quandmaime.org\/wp-content\/uploads\/2020\/03\/297000787_578833607162808_8665625707580405914_n-300x225.jpg 300w, https:\/\/quandmaime.org\/wp-content\/uploads\/2020\/03\/297000787_578833607162808_8665625707580405914_n-1024x768.jpg 1024w, https:\/\/quandmaime.org\/wp-content\/uploads\/2020\/03\/297000787_578833607162808_8665625707580405914_n-1536x1152.jpg 1536w, https:\/\/quandmaime.org\/wp-content\/uploads\/2020\/03\/297000787_578833607162808_8665625707580405914_n-300x225@2x.jpg 600w\" sizes=\"(max-width: 2048px) 100vw, 2048px\" \/><span style=\"font-size: 14px; letter-spacing: 0px; color: #454545; font-family: Lato, Arial, sans-serif; white-space: pre-wrap;\">Nous avons une superbe camionnette gr\u00e2ce \u00e0 nos g\u00e9n\u00e9reux sponsors. Pour des raisons \u00e9nerg\u00e9tiques, et parce qu&rsquo;un seul v\u00e9hicule pour 4 sites, c&rsquo;est un peu compliqu\u00e9, il serait aussi pr\u00e9cieux d\u2019avoir une petite voiture pour les transports d\u2019urgence sur Tananarive, ou les petites courses urgentes (conduite d\u2019enfants chez le dentiste, ect) lorsque la camionnette est en cours d\u2019utilisation pour l\u2019un des sites. Elle consommerait moins d\u2019essence que le fourgon. Elle r\u00e9duirait les risques : avec une seule voiture pour 4 sites, les priorit\u00e9s sont compliqu\u00e9es \u00e0 g\u00e9rer. Il faut compter environ 15 000 000 Ary pour une voiture d\u2019occasion de type Peugeot 206 par exemple.<\/span><\/p><p><img loading=\"lazy\" src=\"http:\/\/www.dev.quandmaime.org\/wp-content\/uploads\/2019\/01\/image-4.png\" alt=\"\" width=\"385\" height=\"135\" \/><\/p><p><span style=\"font-weight: 600; box-sizing: inherit; padding-right: 2px; padding-left: 2px; margin-right: -2px; margin-left: -2px; border-radius: 2px; box-shadow: #e8eaeb 0px 0px 0px 1px; background: #e8eaeb; color: #191e23;\">Soit au total au taux de change actuel (1\u20ac=3600 Ary) un co\u00fbt de 5.125\u20ac pour ce projet.<\/span><\/p><\/div>\n\t\t\t\t\t\t\t\t\t<div class=\"elementor-tab-title elementor-tab-mobile-title\" aria-selected=\"false\" data-tab=\"3\" role=\"tab\" tabindex=\"-1\" aria-controls=\"elementor-tab-content-1623\">Projet 3<\/div>\n\t\t\t\t\t<div id=\"elementor-tab-content-1623\" class=\"elementor-tab-content elementor-clearfix\" data-tab=\"3\" role=\"tabpanel\" aria-labelledby=\"elementor-tab-title-1623\" tabindex=\"0\" hidden=\"hidden\"><h2 role=\"textbox\" aria-label=\"R\u00e9digez un titre\u2026\" aria-autocomplete=\"list\" aria-multiline=\"true\" data-is-placeholder-visible=\"false\"><strong><em>Projet<\/em><\/strong>\u00a0de cr\u00e9ation d&rsquo;une ferme (en cours de cr\u00e9ation)<\/h2><div>\u00a0<\/div><div>Projet de cr\u00e9ation d&rsquo;une ferme \u00e9co-tourisme.<\/div><div>Ce projet avait \u00e9t\u00e9 interrompu suite au COVID.\u00a0<\/div><div>Nous attendons les \u00e9lections pr\u00e9sidentielles pour reprendre le projet.<\/div><\/div>\n\t\t\t\t\t\t\t<\/div>\n\t\t<\/div>\n\t\t\t\t<\/div>\n\t\t\t\t<\/div>\n\t\t\t\t\t\t<\/div>\n\t\t\t\t\t<\/div>\n\t\t<\/div>\n\t\t\t\t\t\t\t\t<\/div>\n\t\t\t\t\t<\/div>\n\t\t<\/section>\n\t\t\t\t<section class=\"elementor-section elementor-top-section elementor-element elementor-element-9b171d1 elementor-section-boxed elementor-section-height-default elementor-section-height-default\" data-id=\"9b171d1\" data-element_type=\"section\">\n\t\t\t\t\t\t<div class=\"elementor-container elementor-column-gap-default\">\n\t\t\t\t\t\t\t<div class=\"elementor-row\">\n\t\t\t\t\t<div class=\"elementor-column elementor-col-100 elementor-top-column elementor-element elementor-element-37611b7\" data-id=\"37611b7\" data-element_type=\"column\">\n\t\t\t<div class=\"elementor-column-wrap elementor-element-populated\">\n\t\t\t\t\t\t\t<div class=\"elementor-widget-wrap\">\n\t\t\t\t\t\t<div class=\"elementor-element elementor-element-8dfabe4 elementor-widget elementor-widget-wp-widget-paypal_donations\" data-id=\"8dfabe4\" data-element_type=\"widget\" data-widget_type=\"wp-widget-paypal_donations.default\">\n\t\t\t\t<div class=\"elementor-widget-container\">\n\t\t\t<h5>Faire un don<\/h5><p>Si vous souhaitez nous aider \u00e0 r\u00e9aliser nos projets 2023 ...<\/p>\n<!-- Begin PayPal Donations by https:\/\/www.tipsandtricks-hq.com\/paypal-donations-widgets-plugin -->\n\n<form action=\"https:\/\/www.paypal.com\/cgi-bin\/webscr\" method=\"post\">\n    <div class=\"paypal-donations\">\n        <input type=\"hidden\" name=\"cmd\" value=\"_donations\" \/>\n        <input type=\"hidden\" name=\"bn\" value=\"TipsandTricks_SP\" \/>\n        <input type=\"hidden\" name=\"business\" value=\"NLVFTAZ4DTQAA\" \/>\n        <input type=\"hidden\" name=\"return\" value=\"https:\/\/www.quandmaime.org\/index.php\/merci\/\" \/>\n        <input type=\"hidden\" name=\"rm\" value=\"0\" \/>\n        <input type=\"hidden\" name=\"currency_code\" value=\"EUR\" \/>\n        <input type=\"image\" style=\"cursor: pointer;\" src=\"https:\/\/www.paypalobjects.com\/fr_FR\/FR\/i\/btn\/btn_donateCC_LG.gif\" name=\"submit\" alt=\"PayPal - The safer, easier way to pay online.\" \/>\n        <img loading=\"lazy\" alt=\"\" src=\"https:\/\/www.paypalobjects.com\/en_US\/i\/scr\/pixel.gif\" width=\"1\" height=\"1\" \/>\n    <\/div>\n<\/form>\n<!-- End PayPal Donations -->\n\t\t<\/div>\n\t\t\t\t<\/div>\n\t\t\t\t\t\t<\/div>\n\t\t\t\t\t<\/div>\n\t\t<\/div>\n\t\t\t\t\t\t\t\t<\/div>\n\t\t\t\t\t<\/div>\n\t\t<\/section>\n\t\t\t\t<section class=\"elementor-section elementor-top-section elementor-element elementor-element-f1d10e6 elementor-section-boxed elementor-section-height-default elementor-section-height-default\" data-id=\"f1d10e6\" data-element_type=\"section\">\n\t\t\t\t\t\t<div class=\"elementor-container elementor-column-gap-default\">\n\t\t\t\t\t\t\t<div class=\"elementor-row\">\n\t\t\t\t\t<div class=\"elementor-column elementor-col-100 elementor-top-column elementor-element elementor-element-6242de2\" data-id=\"6242de2\" data-element_type=\"column\">\n\t\t\t<div class=\"elementor-column-wrap elementor-element-populated\">\n\t\t\t\t\t\t\t<div class=\"elementor-widget-wrap\">\n\t\t\t\t\t\t<div class=\"elementor-element elementor-element-2fab977 elementor-button-danger elementor-align-center elementor-widget elementor-widget-button\" data-id=\"2fab977\" data-element_type=\"widget\" data-widget_type=\"button.default\">\n\t\t\t\t<div class=\"elementor-widget-container\">\n\t\t\t\t\t<div class=\"elementor-button-wrapper\">\n\t\t\t<a href=\"http:\/\/www.dev.quandmaime.org\/index.php\/nosprojets2019\/\" class=\"elementor-button-link elementor-button elementor-size-sm\" role=\"button\">\n\t\t\t\t\t\t<span class=\"elementor-button-content-wrapper\">\n\t\t\t\t\t\t<span class=\"elementor-button-icon elementor-align-icon-left\">\n\t\t\t\t\t\t\t\t\t<i class=\"fa fa-adn\" aria-hidden=\"true\"><\/i>\n\t\t\t\t\t\t\t<\/span>\n\t\t\t\t\t\t<span class=\"elementor-button-text\">Haut de page<\/span>\n\t\t<\/span>\n\t\t\t\t\t<\/a>\n\t\t<\/div>\n\t\t\t\t<\/div>\n\t\t\t\t<\/div>\n\t\t\t\t\t\t<\/div>\n\t\t\t\t\t<\/div>\n\t\t<\/div>\n\t\t\t\t\t\t\t\t<\/div>\n\t\t\t\t\t<\/div>\n\t\t<\/section>\n\t\t\t\t\t\t<\/div>\n\t\t\t\t\t\t<\/div>\n\t\t\t\t\t<\/div>\n\t\t","protected":false},"excerpt":{"rendered":"<p>Nos Projets 2023 Voici les projets que nous esp\u00e9rons pouvoir concr\u00e9tiser en 2023&#8230; Projet 1 Projet 2 Projet 3 Projet 1 Projet r\u00e9habilitation maisonnettes Pour toutes ses familles si d\u00e9munies de tout, et dont les multiples cyclones de 2022 ont ajout\u00e9 en plus de toutes les souffrances, la crainte de ne m\u00eame plus avoir quelques <\/p>\n","protected":false},"author":1,"featured_media":0,"parent":0,"menu_order":0,"comment_status":"closed","ping_status":"closed","template":"","meta":{"amp_status":""},"categories":[675],"tags":[],"_links":{"self":[{"href":"https:\/\/quandmaime.org\/index.php\/wp-json\/wp\/v2\/pages\/9614"}],"collection":[{"href":"https:\/\/quandmaime.org\/index.php\/wp-json\/wp\/v2\/pages"}],"about":[{"href":"https:\/\/quandmaime.org\/index.php\/wp-json\/wp\/v2\/types\/page"}],"author":[{"embeddable":true,"href":"https:\/\/quandmaime.org\/index.php\/wp-json\/wp\/v2\/users\/1"}],"replies":[{"embeddable":true,"href":"https:\/\/quandmaime.org\/index.php\/wp-json\/wp\/v2\/comments?post=9614"}],"version-history":[{"count":5,"href":"https:\/\/quandmaime.org\/index.php\/wp-json\/wp\/v2\/pages\/9614\/revisions"}],"predecessor-version":[{"id":9621,"href":"https:\/\/quandmaime.org\/index.php\/wp-json\/wp\/v2\/pages\/9614\/revisions\/9621"}],"wp:attachment":[{"href":"https:\/\/quandmaime.org\/index.php\/wp-json\/wp\/v2\/media?parent=9614"}],"wp:term":[{"taxonomy":"category","embeddable":true,"href":"https:\/\/quandmaime.org\/index.php\/wp-json\/wp\/v2\/categories?post=9614"},{"taxonomy":"post_tag","embeddable":true,"href":"https:\/\/quandmaime.org\/index.php\/wp-json\/wp\/v2\/tags?post=9614"}],"curies":[{"name":"wp","href":"https:\/\/api.w.org\/{rel}","templated":true}]}}