{"id":759,"date":"2019-01-01T21:58:28","date_gmt":"2019-01-01T20:58:28","guid":{"rendered":"http:\/\/www.quandmaime.org\/?page_id=759"},"modified":"2019-01-05T00:19:51","modified_gmt":"2019-01-04T23:19:51","slug":"projet-vehicules","status":"publish","type":"page","link":"https:\/\/quandmaime.org\/index.php\/projet-vehicules\/","title":{"rendered":"Achat de nouveaux v\u00e9hicules"},"content":{"rendered":"\n<div class=\"wp-block-image\"><figure class=\"aligncenter is-resized\"><img loading=\"lazy\" src=\"http:\/\/www.quandmaime.org\/wp-content\/uploads\/2019\/01\/voiture-1-1024x768.jpg\" alt=\"\" class=\"wp-image-762\" width=\"493\" height=\"370\" srcset=\"https:\/\/quandmaime.org\/wp-content\/uploads\/2019\/01\/voiture-1-1024x768.jpg 1024w, https:\/\/quandmaime.org\/wp-content\/uploads\/2019\/01\/voiture-1-300x225.jpg 300w, https:\/\/quandmaime.org\/wp-content\/uploads\/2019\/01\/voiture-1-768x576.jpg 768w, https:\/\/quandmaime.org\/wp-content\/uploads\/2019\/01\/voiture-1.jpg 1287w, https:\/\/quandmaime.org\/wp-content\/uploads\/2019\/01\/voiture-1-300x225@2x.jpg 600w\" sizes=\"(max-width: 493px) 100vw, 493px\" \/><\/figure><\/div>\n\n\n\n<h2><strong><em>Projet<\/em><\/strong> d&rsquo;achat de nouveaux v\u00e9hicules<\/h2>\n\n\n\n<p>Notre camionnette est dans un triste \u00e9tat. Chaque mois, elle nous co\u00fbte tr\u00e8s ch\u00e8re en r\u00e9parations diverses. Elle consomme \u00e9norm\u00e9ment, et elle tombe tr\u00e8s souvent en panne, nous ne pouvons pas compter sur elle en cas d\u2019urgence. Nous avons pour projet de racheter une nouvelle camionnette afin,&nbsp;entre autres, de permettre&nbsp; :<\/p>\n\n\n\n<ul><li>l\u2019acheminement du riz sur les\ndiff\u00e9rents sites (plusieurs tonnes chaque mois)&nbsp;;<\/li><li>le transport des enfants malades \u00e0\nl\u2019h\u00f4pital d\u2019Antsirabe ou de Tananarive&nbsp;;<\/li><li>le transport des mat\u00e9riaux et des\nmeubles, des fournitures scolaires sur les diff\u00e9rents sites\u2026<\/li><\/ul>\n\n\n\n<p>Le v\u00e9hicule que nous souhaitons\nacheter doit permettre le transport de 22 personnes, \u00eatre robuste (vu l\u2019\u00e9tat\ndes routes, le climat, l\u2019environnement poussiereux\u2026), poss\u00e9der une m\u00e9canique\nsimple (pas d\u2019\u00e9lectronique, l\u00e0-bas, un chauffeur a deux comp\u00e9tences&nbsp;: la\nconduite et la m\u00e9canique).<\/p>\n\n\n\n<p>Ce v\u00e9hicule sera import\u00e9 d\u2019un pays\noccidental et remis en \u00e9tat par un concessionnaire local.<\/p>\n\n\n\n<p>Il faudra vitrer le v\u00e9hicule et en faire l\u2019am\u00e9nagement int\u00e9rieur.<\/p>\n\n\n\n<div class=\"wp-block-image\"><figure class=\"alignleft\"><img loading=\"lazy\" width=\"377\" height=\"177\" src=\"http:\/\/www.quandmaime.org\/wp-content\/uploads\/2019\/01\/image-3.png\" alt=\"\" class=\"wp-image-760\" srcset=\"https:\/\/quandmaime.org\/wp-content\/uploads\/2019\/01\/image-3.png 377w, https:\/\/quandmaime.org\/wp-content\/uploads\/2019\/01\/image-3-300x141.png 300w\" sizes=\"(max-width: 377px) 100vw, 377px\" \/><figcaption> <br><\/figcaption><\/figure><\/div>\n\n\n\n<p><\/p>\n\n\n\n<p> <strong>Soit au total au taux de change actuel (1\u20ac=3600 Ary) un co\u00fbt de 15.975\u20ac pour ce projet <\/strong><\/p>\n\n\n\n<p><\/p>\n\n\n\n<p><\/p>\n\n\n\n<p>Il serait aussi pr\u00e9cieux d\u2019avoir une petite voiture pour les transports d\u2019urgence sur Tananarive, ou les petites courses urgentes (conduite d\u2019enfants chez le dentiste, ect) lorsque la camionnette est en cours d\u2019utilisation pour l\u2019un des sites. Elle consommerait moins d\u2019essence que le fourgon. Elle r\u00e9duirait les risques&nbsp;: avec une seule voiture pour 4 sites, les priorit\u00e9s sont compliqu\u00e9es \u00e0 g\u00e9rer. Il faut compter environ 15&nbsp;000&nbsp;000 Ary pour une voiture d\u2019occasion de type Peugeot 206 par exemple. <\/p>\n\n\n\n<div class=\"wp-block-image\"><figure class=\"alignleft\"><img loading=\"lazy\" width=\"385\" height=\"135\" src=\"http:\/\/www.quandmaime.org\/wp-content\/uploads\/2019\/01\/image-4.png\" alt=\"\" class=\"wp-image-761\" srcset=\"https:\/\/quandmaime.org\/wp-content\/uploads\/2019\/01\/image-4.png 385w, https:\/\/quandmaime.org\/wp-content\/uploads\/2019\/01\/image-4-300x105.png 300w\" sizes=\"(max-width: 385px) 100vw, 385px\" \/><\/figure><\/div>\n\n\n\n<ul><li><strong>Soit au total au taux de change actuel (1\u20ac=3600 Ary) un co\u00fbt de 5.125\u20ac pour ce projet.<\/strong><\/li><\/ul>\n","protected":false},"excerpt":{"rendered":"<p>Projet d&rsquo;achat de nouveaux v\u00e9hicules Notre camionnette est dans un triste \u00e9tat. Chaque mois, elle nous co\u00fbte tr\u00e8s ch\u00e8re en r\u00e9parations diverses. Elle consomme \u00e9norm\u00e9ment, et elle tombe tr\u00e8s souvent en panne, nous ne pouvons pas compter sur elle en cas d\u2019urgence. Nous avons pour projet de racheter une nouvelle camionnette afin,&nbsp;entre autres, de permettre&nbsp; <\/p>\n","protected":false},"author":1,"featured_media":762,"parent":0,"menu_order":2,"comment_status":"closed","ping_status":"closed","template":"","meta":{"amp_status":""},"categories":[172],"tags":[179],"_links":{"self":[{"href":"https:\/\/quandmaime.org\/index.php\/wp-json\/wp\/v2\/pages\/759"}],"collection":[{"href":"https:\/\/quandmaime.org\/index.php\/wp-json\/wp\/v2\/pages"}],"about":[{"href":"https:\/\/quandmaime.org\/index.php\/wp-json\/wp\/v2\/types\/page"}],"author":[{"embeddable":true,"href":"https:\/\/quandmaime.org\/index.php\/wp-json\/wp\/v2\/users\/1"}],"replies":[{"embeddable":true,"href":"https:\/\/quandmaime.org\/index.php\/wp-json\/wp\/v2\/comments?post=759"}],"version-history":[{"count":4,"href":"https:\/\/quandmaime.org\/index.php\/wp-json\/wp\/v2\/pages\/759\/revisions"}],"predecessor-version":[{"id":790,"href":"https:\/\/quandmaime.org\/index.php\/wp-json\/wp\/v2\/pages\/759\/revisions\/790"}],"wp:featuredmedia":[{"embeddable":true,"href":"https:\/\/quandmaime.org\/index.php\/wp-json\/wp\/v2\/media\/762"}],"wp:attachment":[{"href":"https:\/\/quandmaime.org\/index.php\/wp-json\/wp\/v2\/media?parent=759"}],"wp:term":[{"taxonomy":"category","embeddable":true,"href":"https:\/\/quandmaime.org\/index.php\/wp-json\/wp\/v2\/categories?post=759"},{"taxonomy":"post_tag","embeddable":true,"href":"https:\/\/quandmaime.org\/index.php\/wp-json\/wp\/v2\/tags?post=759"}],"curies":[{"name":"wp","href":"https:\/\/api.w.org\/{rel}","templated":true}]}}