{"id":753,"date":"2019-01-01T21:27:37","date_gmt":"2019-01-01T20:27:37","guid":{"rendered":"http:\/\/www.quandmaime.org\/?page_id=753"},"modified":"2019-01-05T00:31:49","modified_gmt":"2019-01-04T23:31:49","slug":"securisation-de-fahitana","status":"publish","type":"page","link":"https:\/\/quandmaime.org\/index.php\/securisation-de-fahitana\/","title":{"rendered":"Consolidation et s\u00e9curisation de Fahitana"},"content":{"rendered":"\n<h2><strong><em>Projet<\/em><\/strong> de consolidation et s\u00e9curisation de Fahitana<\/h2>\n\n\n\n<figure class=\"wp-block-image\"><img loading=\"lazy\" width=\"773\" height=\"485\" src=\"http:\/\/www.quandmaime.org\/wp-content\/uploads\/2019\/01\/image-1.png\" alt=\"\" class=\"wp-image-754\" srcset=\"https:\/\/quandmaime.org\/wp-content\/uploads\/2019\/01\/image-1.png 773w, https:\/\/quandmaime.org\/wp-content\/uploads\/2019\/01\/image-1-300x188.png 300w, https:\/\/quandmaime.org\/wp-content\/uploads\/2019\/01\/image-1-768x482.png 768w, https:\/\/quandmaime.org\/wp-content\/uploads\/2019\/01\/image-1-300x188@2x.png 600w\" sizes=\"(max-width: 773px) 100vw, 773px\" \/><\/figure>\n\n\n\n<p> Sur le site de Fahitana, le mur ext\u00e9rieur longeant la ruelle, ainsi que celui de la rue principale, ont \u00e9t\u00e9 endommag\u00e9s par le s\u00e9isme et les cyclones. Actuellement, ces murs tremblent \u00e0 chaque passage de camions dans la rue principale, ou se d\u00e9gradent lors des fortes pluies d\u2019\u00e9t\u00e9 actuelles. Nous redoutons la nouvelle p\u00e9riode de cyclones qui approche. Il serait prudent de consolider ces murs, et nous \u00e9viter ainsi de lourds travaux s\u2019ils venaient finalement \u00e0 s\u2019effondrer. Nous en profiterions pour s\u00e9curiser l\u2019angle du b\u00e2timent form\u00e9 d\u2019une porte m\u00e9tallique. Elle ne nous est pas utile, mais malheureusement, elle permet aux cambrioleurs, en cette p\u00e9riode de forte ins\u00e9curit\u00e9, de p\u00e9n\u00e9trer facilement dans Fahitana afin de voler le riz stock\u00e9 derri\u00e8re cet endroit. <\/p>\n\n\n\n<div class=\"wp-block-image\"><figure class=\"alignleft\"><img loading=\"lazy\" width=\"451\" height=\"519\" src=\"http:\/\/www.quandmaime.org\/wp-content\/uploads\/2019\/01\/image-2.png\" alt=\"\" class=\"wp-image-755\" srcset=\"https:\/\/quandmaime.org\/wp-content\/uploads\/2019\/01\/image-2.png 451w, https:\/\/quandmaime.org\/wp-content\/uploads\/2019\/01\/image-2-261x300.png 261w\" sizes=\"(max-width: 451px) 100vw, 451px\" \/><\/figure><\/div>\n\n\n\n<p><\/p>\n\n\n\n<p><strong>Soit au taux de change actuel (1\u20ac=3600Ary) un co\u00fbt de 2.220\u20ac pour ce projet.<\/strong><\/p>\n\n\n\n<p><\/p>\n\n\n\n<p><\/p>\n\n\n\n<p><\/p>\n\n\n\n<p><\/p>\n\n\n\n<p><\/p>\n","protected":false},"excerpt":{"rendered":"<p>Projet de consolidation et s\u00e9curisation de Fahitana Sur le site de Fahitana, le mur ext\u00e9rieur longeant la ruelle, ainsi que celui de la rue principale, ont \u00e9t\u00e9 endommag\u00e9s par le s\u00e9isme et les cyclones. Actuellement, ces murs tremblent \u00e0 chaque passage de camions dans la rue principale, ou se d\u00e9gradent lors des fortes pluies d\u2019\u00e9t\u00e9 <\/p>\n","protected":false},"author":1,"featured_media":754,"parent":0,"menu_order":1,"comment_status":"closed","ping_status":"closed","template":"","meta":{"amp_status":""},"categories":[172],"tags":[179],"_links":{"self":[{"href":"https:\/\/quandmaime.org\/index.php\/wp-json\/wp\/v2\/pages\/753"}],"collection":[{"href":"https:\/\/quandmaime.org\/index.php\/wp-json\/wp\/v2\/pages"}],"about":[{"href":"https:\/\/quandmaime.org\/index.php\/wp-json\/wp\/v2\/types\/page"}],"author":[{"embeddable":true,"href":"https:\/\/quandmaime.org\/index.php\/wp-json\/wp\/v2\/users\/1"}],"replies":[{"embeddable":true,"href":"https:\/\/quandmaime.org\/index.php\/wp-json\/wp\/v2\/comments?post=753"}],"version-history":[{"count":6,"href":"https:\/\/quandmaime.org\/index.php\/wp-json\/wp\/v2\/pages\/753\/revisions"}],"predecessor-version":[{"id":907,"href":"https:\/\/quandmaime.org\/index.php\/wp-json\/wp\/v2\/pages\/753\/revisions\/907"}],"wp:featuredmedia":[{"embeddable":true,"href":"https:\/\/quandmaime.org\/index.php\/wp-json\/wp\/v2\/media\/754"}],"wp:attachment":[{"href":"https:\/\/quandmaime.org\/index.php\/wp-json\/wp\/v2\/media?parent=753"}],"wp:term":[{"taxonomy":"category","embeddable":true,"href":"https:\/\/quandmaime.org\/index.php\/wp-json\/wp\/v2\/categories?post=753"},{"taxonomy":"post_tag","embeddable":true,"href":"https:\/\/quandmaime.org\/index.php\/wp-json\/wp\/v2\/tags?post=753"}],"curies":[{"name":"wp","href":"https:\/\/api.w.org\/{rel}","templated":true}]}}