{"id":750,"date":"2019-01-01T21:19:45","date_gmt":"2019-01-01T20:19:45","guid":{"rendered":"http:\/\/www.quandmaime.org\/?page_id=750"},"modified":"2019-01-07T00:02:51","modified_gmt":"2019-01-06T23:02:51","slug":"faire-un-don","status":"publish","type":"page","link":"https:\/\/quandmaime.org\/index.php\/lassociation\/faire-un-don\/","title":{"rendered":"Nous aider"},"content":{"rendered":"\n<h2><strong><em>Comment<\/em><\/strong> nous&nbsp;aider ?<\/h2>\n\n\n\n<p class=\"has-text-color has-very-dark-gray-color\">L&rsquo;association \u00ab\u00a0Quand m&rsquo;aime?\u00a0\u00bb est une association \u00e0 but non lucratif (loi 1901) d&rsquo;int\u00e9r\u00eat g\u00e9n\u00e9ral. Depuis 2001, au service des plus d\u00e9sh\u00e9rit\u00e9s de Madagascar, l&rsquo;association \u00ab\u00a0Quand m&rsquo;aime ?\u00a0\u00bb fonctionne gr\u00e2ce \u00e0 la g\u00e9n\u00e9rosit\u00e9 des donateurs.<\/p>\n\n\n\n<p>L&rsquo;association \u00ab\u00a0Quand m&rsquo;aime ?\u00a0\u00bb ne pratique ni l&rsquo;\u00e9change, ni la location des coordonn\u00e9es de ses donateurs.<\/p>\n\n\n\n<p><strong>Comment parrainer (don mensuel) ou faire un don exceptionnel &#8212;<\/strong><br><\/p>\n\n\n\n<ul><li>Par courrier : renvoyer le\u00a0<a href=\"http:\/\/www.quandmaime.org\/wp-content\/uploads\/Demande%20Parrainage_v2019.pdf\" target=\"_blank\" rel=\"noreferrer noopener\" aria-label=\"bulletin de parrainage (dispo ici) (s\u2019ouvre dans un nouvel onglet)\">bulletin de parrainage (dispo ici)<\/a>\u00a0compl\u00e9t\u00e9 ainsi que le r\u00e8glement du parrainage ou du don par ch\u00e8que \u00e0 l&rsquo;ordre de l&rsquo;association Quand m&rsquo;aime.  <br>Les r\u00e8glements de parrainage sont \u00e0 envoyer \u00e0 l\u2019association en pr\u00e9cisant les mois concern\u00e9s.\u00a0 <\/li><\/ul>\n\n\n\n<p>\u00e0 l&rsquo;adresse suivante :&nbsp;<br>&nbsp;&nbsp; Association Quand m\u2019aime ?&nbsp;<br>&nbsp;&nbsp; 42 Rue Sadi Carnot<br>&nbsp;&nbsp; 59139 Wattignies<br>&nbsp;&nbsp; France<\/p>\n\n\n\n<ul><li> Par mail : envoyer vos coordonn\u00e9es (nom, pr\u00e9nom, adresse postale et montant du don effectu\u00e9 indispensable pour vous envoyez votre re\u00e7u fiscal) les r\u00e8glements doivent \u00eatre effectu\u00e9s via Paypal (en cliquant sur le bouton ci-dessous) ou par virement bancaire sur le compte de l\u2019association : IBAN : FR76 3000 3011 1900 0500 8255 833 &#8211; BIC : SOGEFRPP.<br>L\u2019association<strong> n\u2019effectue pas <\/strong>de pr\u00e9l\u00e8vement automatique.<\/li><\/ul>\n\n\n\n<p>par e-mail :<br>&nbsp;&nbsp; <a href=\"mailto:contact@quandmaime.org\">contact@quandmaime.org<\/a><\/p>\n\n\n<!-- Begin PayPal Donations by https:\/\/www.tipsandtricks-hq.com\/paypal-donations-widgets-plugin -->\n\n<form action=\"https:\/\/www.paypal.com\/cgi-bin\/webscr\" method=\"post\">\n    <div class=\"paypal-donations\">\n        <input type=\"hidden\" name=\"cmd\" value=\"_donations\" \/>\n        <input type=\"hidden\" name=\"bn\" value=\"TipsandTricks_SP\" \/>\n        <input type=\"hidden\" name=\"business\" value=\"NLVFTAZ4DTQAA\" \/>\n        <input type=\"hidden\" name=\"return\" value=\"https:\/\/www.quandmaime.org\/index.php\/merci\/\" \/>\n        <input type=\"hidden\" name=\"rm\" value=\"0\" \/>\n        <input type=\"hidden\" name=\"currency_code\" value=\"EUR\" \/>\n        <input type=\"image\" style=\"cursor: pointer;\" src=\"https:\/\/www.paypalobjects.com\/fr_FR\/FR\/i\/btn\/btn_donateCC_LG.gif\" name=\"submit\" alt=\"PayPal - The safer, easier way to pay online.\" \/>\n        <img alt=\"\" src=\"https:\/\/www.paypalobjects.com\/en_US\/i\/scr\/pixel.gif\" width=\"1\" height=\"1\" \/>\n    <\/div>\n<\/form>\n<!-- End PayPal Donations -->\n\n\n\n\n<p><\/p>\n\n\n\n<p><strong>B\u00e9n\u00e9ficier d&rsquo;une d\u00e9duction fiscale &#8212;<\/strong><br><\/p>\n\n\n\n<p>En d\u00e9but d\u2019ann\u00e9e suivante, une fiche de d\u00e9duction fiscale vous sera envoy\u00e9e permettant une r\u00e9duction d\u2019imp\u00f4t d\u2019un montant de 75% des sommes vers\u00e9es dans la limite de 537\u20ac, et pour les dons compris entre 538\u20ac et 20% de votre revenu imposable, la d\u00e9duction est de 66%. Au-del\u00e0 des 20% du revenu imposable, vous pouvez reporter l\u2019exc\u00e9dent sur les 5 ann\u00e9es suivantes.<\/p>\n\n\n\n<p>Conform\u00e9ment \u00e0 la loi informatique et libert\u00e9s du 6 janvier 1978, vous disposez d&rsquo;un droit d&rsquo;acc\u00e8s, de modification, de rectification et de suppression des donn\u00e9es personnelles vous concernant. Pour exercer ce droit, vous pouvez nous joindre par courrier ou par e-mail aux adresses indiqu\u00e9es ci-dessus.<\/p>\n\n\n\n<p><strong>Merci pour votre g\u00e9n\u00e9rosit\u00e9<\/strong><\/p>\n","protected":false},"excerpt":{"rendered":"<p>Comment nous&nbsp;aider ? L&rsquo;association \u00ab\u00a0Quand m&rsquo;aime?\u00a0\u00bb est une association \u00e0 but non lucratif (loi 1901) d&rsquo;int\u00e9r\u00eat g\u00e9n\u00e9ral. Depuis 2001, au service des plus d\u00e9sh\u00e9rit\u00e9s de Madagascar, l&rsquo;association \u00ab\u00a0Quand m&rsquo;aime ?\u00a0\u00bb fonctionne gr\u00e2ce \u00e0 la g\u00e9n\u00e9rosit\u00e9 des donateurs. L&rsquo;association \u00ab\u00a0Quand m&rsquo;aime ?\u00a0\u00bb ne pratique ni l&rsquo;\u00e9change, ni la location des coordonn\u00e9es de ses donateurs. Comment parrainer <\/p>\n","protected":false},"author":1,"featured_media":0,"parent":744,"menu_order":2,"comment_status":"closed","ping_status":"closed","template":"","meta":{"amp_status":""},"categories":[194],"tags":[],"_links":{"self":[{"href":"https:\/\/quandmaime.org\/index.php\/wp-json\/wp\/v2\/pages\/750"}],"collection":[{"href":"https:\/\/quandmaime.org\/index.php\/wp-json\/wp\/v2\/pages"}],"about":[{"href":"https:\/\/quandmaime.org\/index.php\/wp-json\/wp\/v2\/types\/page"}],"author":[{"embeddable":true,"href":"https:\/\/quandmaime.org\/index.php\/wp-json\/wp\/v2\/users\/1"}],"replies":[{"embeddable":true,"href":"https:\/\/quandmaime.org\/index.php\/wp-json\/wp\/v2\/comments?post=750"}],"version-history":[{"count":13,"href":"https:\/\/quandmaime.org\/index.php\/wp-json\/wp\/v2\/pages\/750\/revisions"}],"predecessor-version":[{"id":1120,"href":"https:\/\/quandmaime.org\/index.php\/wp-json\/wp\/v2\/pages\/750\/revisions\/1120"}],"up":[{"embeddable":true,"href":"https:\/\/quandmaime.org\/index.php\/wp-json\/wp\/v2\/pages\/744"}],"wp:attachment":[{"href":"https:\/\/quandmaime.org\/index.php\/wp-json\/wp\/v2\/media?parent=750"}],"wp:term":[{"taxonomy":"category","embeddable":true,"href":"https:\/\/quandmaime.org\/index.php\/wp-json\/wp\/v2\/categories?post=750"},{"taxonomy":"post_tag","embeddable":true,"href":"https:\/\/quandmaime.org\/index.php\/wp-json\/wp\/v2\/tags?post=750"}],"curies":[{"name":"wp","href":"https:\/\/api.w.org\/{rel}","templated":true}]}}