{"id":747,"date":"2019-01-01T21:16:51","date_gmt":"2019-01-01T20:16:51","guid":{"rendered":"http:\/\/www.quandmaime.org\/?page_id=747"},"modified":"2019-01-05T00:42:08","modified_gmt":"2019-01-04T23:42:08","slug":"les-moyens","status":"publish","type":"page","link":"https:\/\/quandmaime.org\/index.php\/lassociation\/les-moyens\/","title":{"rendered":"Les moyens"},"content":{"rendered":"\n<h2><strong><em>Les<\/em><\/strong> moyens<\/h2>\n\n\n\n<p>\n\nL&rsquo;objectif de l&rsquo;association est d&rsquo;aider les enfants, mais aussi les familles, vivants dans les rues d&rsquo;Antsirabe, \u00e0 se construire un avenir meilleur afin de vivre et non plus survivre.<\/p>\n\n\n\n<p>L&rsquo;association agit pour<strong>&nbsp;obtenir des fonds<\/strong>&nbsp;pour nourrir, loger, habiller, procurer des papiers d&rsquo;identit\u00e9, assurer les soins, financer les \u00e9tudes et les projets de r\u00e9insertion \u00e0 ces sans-abris. <\/p>\n\n\n\n<p>L&rsquo;obtention de fond s&rsquo;effectue via diverses op\u00e9rations &#8212;<\/p>\n\n\n\n<ul><li>Parrainage (d\u2019enfant ou de foyer)<\/li><li>R\u00e9colte de dons (de particulier, d&rsquo;entreprise ou d&rsquo;association)<\/li><li>Ev\u00e8nements ponctuels (kermesse, journ\u00e9es d&rsquo;information)<\/li><\/ul>\n\n\n\n<p>&#8212; Les fonds r\u00e9colt\u00e9s en 2017 sont de l\u2019ordre de 40 000\u20ac.<\/p>\n\n\n\n<p>La collecte de mat\u00e9riel n\u2019a de sens que si <strong>un apport de fond est suffisant <\/strong>pour financer le transport via fret a\u00e9rien (pas de fret r\u00e9alis\u00e9 depuis 2010), elle concerne &#8212;<\/p>\n\n\n\n<ul><li>les ordinateurs<\/li><li>les t\u00e9l\u00e9phones portables<\/li><li>les v\u00eatements de nourrisson<\/li><li>le mat\u00e9riel m\u00e9dical<\/li><li>les jouets neufs<\/li><li>l\u2019outillage<\/li><\/ul>\n\n\n\n<p>&#8212; Pour plus d\u2019information, nous contacter.<\/p>\n\n\n\n<p>Remarques &#8212;<\/p>\n\n\n\n<ul><li>l\u2019ensemble des fonds vers\u00e9 \u00e0 l\u2019association est utilis\u00e9 dans son int\u00e9gralit\u00e9 pour le fonctionnement local de l\u2019association (logement, salaires du personnel d\u2019encadrement local : uniquement malgache, nourriture, soins, \u2026).<br>L\u2019association ne prend pas en charge la participation des b\u00e9n\u00e9voles (trajets avion, facture de t\u00e9l\u00e9phone, courriers) .<br><\/li><li>L\u2019association <strong>ne finance pas les op\u00e9rations de d\u00e9localisation de personnel europ\u00e9en <\/strong>\u00e0 Anstirabe.<\/li><\/ul>\n","protected":false},"excerpt":{"rendered":"<p>Les moyens L&rsquo;objectif de l&rsquo;association est d&rsquo;aider les enfants, mais aussi les familles, vivants dans les rues d&rsquo;Antsirabe, \u00e0 se construire un avenir meilleur afin de vivre et non plus survivre. L&rsquo;association agit pour&nbsp;obtenir des fonds&nbsp;pour nourrir, loger, habiller, procurer des papiers d&rsquo;identit\u00e9, assurer les soins, financer les \u00e9tudes et les projets de r\u00e9insertion \u00e0 <\/p>\n","protected":false},"author":1,"featured_media":0,"parent":744,"menu_order":1,"comment_status":"closed","ping_status":"closed","template":"","meta":{"amp_status":""},"categories":[194],"tags":[],"_links":{"self":[{"href":"https:\/\/quandmaime.org\/index.php\/wp-json\/wp\/v2\/pages\/747"}],"collection":[{"href":"https:\/\/quandmaime.org\/index.php\/wp-json\/wp\/v2\/pages"}],"about":[{"href":"https:\/\/quandmaime.org\/index.php\/wp-json\/wp\/v2\/types\/page"}],"author":[{"embeddable":true,"href":"https:\/\/quandmaime.org\/index.php\/wp-json\/wp\/v2\/users\/1"}],"replies":[{"embeddable":true,"href":"https:\/\/quandmaime.org\/index.php\/wp-json\/wp\/v2\/comments?post=747"}],"version-history":[{"count":2,"href":"https:\/\/quandmaime.org\/index.php\/wp-json\/wp\/v2\/pages\/747\/revisions"}],"predecessor-version":[{"id":877,"href":"https:\/\/quandmaime.org\/index.php\/wp-json\/wp\/v2\/pages\/747\/revisions\/877"}],"up":[{"embeddable":true,"href":"https:\/\/quandmaime.org\/index.php\/wp-json\/wp\/v2\/pages\/744"}],"wp:attachment":[{"href":"https:\/\/quandmaime.org\/index.php\/wp-json\/wp\/v2\/media?parent=747"}],"wp:term":[{"taxonomy":"category","embeddable":true,"href":"https:\/\/quandmaime.org\/index.php\/wp-json\/wp\/v2\/categories?post=747"},{"taxonomy":"post_tag","embeddable":true,"href":"https:\/\/quandmaime.org\/index.php\/wp-json\/wp\/v2\/tags?post=747"}],"curies":[{"name":"wp","href":"https:\/\/api.w.org\/{rel}","templated":true}]}}